{"id":2,"date":"2026-01-25T17:54:41","date_gmt":"2026-01-25T22:54:41","guid":{"rendered":"https:\/\/titanio.com.ec\/?page_id=2"},"modified":"2026-02-03T16:41:53","modified_gmt":"2026-02-03T21:41:53","slug":"pagina-ejemplo","status":"publish","type":"page","link":"https:\/\/titanio.com.ec\/?page_id=2","title":{"rendered":"Quienes Somos ?"},"content":{"rendered":"<div class=\"wpb-content-wrapper\">[vc_row][vc_column][vc_column_text css_animation=&#8221;bounceIn&#8221; css=&#8221;&#8221;]<p style=\"text-align: center;\"><strong data-start=\"205\" data-end=\"253\">Bienvenido a Titanio Autopartes y Accesorios<\/strong><br data-start=\"253\" data-end=\"256\">Potencia, calidad y confianza para tu veh\u00edculo. En Titanio encuentras autopartes y accesorios seleccionados para que tu auto rinda mejor, luzca mejor y dure m\u00e1s. Trabajamos con marcas confiables y atenci\u00f3n personalizada, porque tu veh\u00edculo merece lo mejor.<br><strong>THULE &#8211; HELLA &#8211; WINBO &#8211; CEO &#8211; ARB &#8211; OLD MAN EMU &#8211; PIONEER &#8211; SONY &#8211; KICKER \ud83d\ude0e\u2705<br><br><\/strong>Necesitas algun producto en especifico, te lo conseguimos &#8211; Dejanos un mensaje en la caja de respuesta &#8211; O envianos un mensaje a nuestro Whatsapp \ud83d\ude0e<a href=\"http:\/\/wa.me\/593980453761\">http:\/\/wa.me\/593980453761<\/a><br><br><br><\/p>\n\n<p>&nbsp;<\/p>[\/vc_column_text][\/vc_column][\/vc_row][vc_row][vc_column][vc_gmaps link=&#8221;#E-8_JTNDaWZyYW1lJTIwc3JjJTNEJTIyaHR0cHMlM0ElMkYlMkZ3d3cuZ29vZ2xlLmNvbSUyRm1hcHMlMkZlbWJlZCUzRnBiJTNEJTIxMW0xOCUyMTFtMTIlMjExbTMlMjExZDc5My45Nzc3OTgwODE3NTUlMjEyZC03OC40NDg4OTU5ODM0MTA1NyUyMTNkLTAuMzI0MTIzNzg0NDcwMjczNzMlMjEybTMlMjExZjAlMjEyZjAlMjEzZjAlMjEzbTIlMjExaTEwMjQlMjEyaTc2OCUyMTRmMTMuMSUyMTNtMyUyMTFtMiUyMTFzMHg5MWQ1YmQxOTExZjhlMzNmJTI1M0EweDYxOTRjZTY5NzhlZDk0NDIlMjEyc1RpdGFuaW8lMjE1ZTAlMjEzbTIlMjExc2VzJTIxMnNlYyUyMTR2MTc3MDE1NDgzODM2OCUyMTVtMiUyMTFzZXMlMjEyc2VjJTIyJTIwd2lkdGglM0QlMjI2MDAlMjIlMjBoZWlnaHQlM0QlMjI0NTAlMjIlMjBzdHlsZSUzRCUyMmJvcmRlciUzQTAlM0IlMjIlMjBhbGxvd2Z1bGxzY3JlZW4lM0QlMjIlMjIlMjBsb2FkaW5nJTNEJTIybGF6eSUyMiUyMHJlZmVycmVycG9saWN5JTNEJTIybm8tcmVmZXJyZXItd2hlbi1kb3duZ3JhZGUlMjIlM0UlM0MlMkZpZnJhbWUlM0U=&#8221; css=&#8221;&#8221; title=&#8221;NUESTRA UBICACI\u00d3N \ud83d\udc4c\ud83c\udffc\ud83d\ude0e&#8221;][\/vc_column][\/vc_row]<!-- \/wp:post-content --><\/div>","protected":false},"excerpt":{"rendered":"<p>[vc_row][vc_column][vc_column_text css_animation=&#8221;bounceIn&#8221; css=&#8221;&#8221;] Bienvenido a Titanio Autopartes y AccesoriosPotencia, calidad y confianza para tu veh\u00edculo. En Titanio encuentras autopartes y accesorios seleccionados para que tu auto rinda mejor, luzca mejor<\/p>\n","protected":false},"author":1,"featured_media":5299,"parent":0,"menu_order":0,"comment_status":"open","ping_status":"closed","template":"","meta":{"_acf_changed":false,"footnotes":""},"class_list":["post-2","page","type-page","status-publish","has-post-thumbnail","hentry"],"acf":[],"jetpack_sharing_enabled":true,"_links":{"self":[{"href":"https:\/\/titanio.com.ec\/index.php?rest_route=\/wp\/v2\/pages\/2","targetHints":{"allow":["GET"]}}],"collection":[{"href":"https:\/\/titanio.com.ec\/index.php?rest_route=\/wp\/v2\/pages"}],"about":[{"href":"https:\/\/titanio.com.ec\/index.php?rest_route=\/wp\/v2\/types\/page"}],"author":[{"embeddable":true,"href":"https:\/\/titanio.com.ec\/index.php?rest_route=\/wp\/v2\/users\/1"}],"replies":[{"embeddable":true,"href":"https:\/\/titanio.com.ec\/index.php?rest_route=%2Fwp%2Fv2%2Fcomments&post=2"}],"version-history":[{"count":5,"href":"https:\/\/titanio.com.ec\/index.php?rest_route=\/wp\/v2\/pages\/2\/revisions"}],"predecessor-version":[{"id":5412,"href":"https:\/\/titanio.com.ec\/index.php?rest_route=\/wp\/v2\/pages\/2\/revisions\/5412"}],"wp:featuredmedia":[{"embeddable":true,"href":"https:\/\/titanio.com.ec\/index.php?rest_route=\/wp\/v2\/media\/5299"}],"wp:attachment":[{"href":"https:\/\/titanio.com.ec\/index.php?rest_route=%2Fwp%2Fv2%2Fmedia&parent=2"}],"curies":[{"name":"wp","href":"https:\/\/api.w.org\/{rel}","templated":true}]}}