{"id":5888,"date":"2026-02-06T10:38:42","date_gmt":"2026-02-06T15:38:42","guid":{"rendered":"https:\/\/titanio.com.ec\/?post_type=product&#038;p=5888"},"modified":"2026-02-06T12:01:25","modified_gmt":"2026-02-06T17:01:25","slug":"parrilla-clasica-negra","status":"publish","type":"product","link":"https:\/\/titanio.com.ec\/?product=parrilla-clasica-negra","title":{"rendered":"Parrilla cl\u00e1sica negra"},"content":{"rendered":"<p data-start=\"63\" data-end=\"116\"><img decoding=\"async\" class=\"emoji\" role=\"img\" draggable=\"false\" src=\"https:\/\/s.w.org\/images\/core\/emoji\/17.0.2\/svg\/1f6fb.svg\" alt=\"\ud83d\udefb\" \/>\u00a0<b>Parrilla cl\u00e1sica color negro<\/b><\/p>\n<p data-start=\"63\" data-end=\"116\"><b> <\/b>Producto\u00a0<strong data-start=\"127\" data-end=\"156\">importado de alta calidad<\/strong>, dise\u00f1ado en material de <strong data-start=\"172\" data-end=\"216\">aluminio reforzado<\/strong>.<\/p>\n<p data-start=\"118\" data-end=\"301\">Tama\u00f1o <strong data-start=\"232\" data-end=\"254\">1.2m x 0.95m <\/strong>, incluye barras transversales dise\u00f1adas para veh\u00edculos con barras de techo levantadas .<\/p>\n<p data-start=\"303\" data-end=\"369\">TIENES DUDA SI SE PUEDE INSTALAR EN TU VEHICULO, ESCRIBENOS SIN NINGUN COMPROMISO<\/p>\n","protected":false},"excerpt":{"rendered":"<p>\u00a0Parrilla cl\u00e1sica color negro Producto\u00a0importado de alta calidad, dise\u00f1ado en material de aluminio reforzado. Tama\u00f1o 1.2m x 0.95m , incluye barras transversales dise\u00f1adas para veh\u00edculos con barras de techo levantadas<\/p>\n","protected":false},"featured_media":5885,"comment_status":"open","ping_status":"closed","template":"","meta":{"_acf_changed":false},"product_brand":[],"product_cat":[247,244],"product_tag":[],"class_list":{"0":"post-5888","1":"product","2":"type-product","3":"status-publish","4":"has-post-thumbnail","6":"product_cat-parrillas","7":"product_cat-portaequipajes","9":"first","10":"instock","11":"taxable","12":"shipping-taxable","13":"purchasable","14":"product-type-simple"},"acf":[],"jetpack_sharing_enabled":true,"_links":{"self":[{"href":"https:\/\/titanio.com.ec\/index.php?rest_route=\/wp\/v2\/product\/5888","targetHints":{"allow":["GET"]}}],"collection":[{"href":"https:\/\/titanio.com.ec\/index.php?rest_route=\/wp\/v2\/product"}],"about":[{"href":"https:\/\/titanio.com.ec\/index.php?rest_route=\/wp\/v2\/types\/product"}],"replies":[{"embeddable":true,"href":"https:\/\/titanio.com.ec\/index.php?rest_route=%2Fwp%2Fv2%2Fcomments&post=5888"}],"wp:featuredmedia":[{"embeddable":true,"href":"https:\/\/titanio.com.ec\/index.php?rest_route=\/wp\/v2\/media\/5885"}],"wp:attachment":[{"href":"https:\/\/titanio.com.ec\/index.php?rest_route=%2Fwp%2Fv2%2Fmedia&parent=5888"}],"wp:term":[{"taxonomy":"product_brand","embeddable":true,"href":"https:\/\/titanio.com.ec\/index.php?rest_route=%2Fwp%2Fv2%2Fproduct_brand&post=5888"},{"taxonomy":"product_cat","embeddable":true,"href":"https:\/\/titanio.com.ec\/index.php?rest_route=%2Fwp%2Fv2%2Fproduct_cat&post=5888"},{"taxonomy":"product_tag","embeddable":true,"href":"https:\/\/titanio.com.ec\/index.php?rest_route=%2Fwp%2Fv2%2Fproduct_tag&post=5888"}],"curies":[{"name":"wp","href":"https:\/\/api.w.org\/{rel}","templated":true}]}}